{"id":19,"date":"2025-03-02T14:19:14","date_gmt":"2025-03-02T13:19:14","guid":{"rendered":"https:\/\/aump.org\/?page_id=19"},"modified":"2025-03-02T16:30:14","modified_gmt":"2025-03-02T15:30:14","slug":"comment-adherer-notice-pour-avoir-un-mouillage","status":"publish","type":"page","link":"https:\/\/aump.org\/?page_id=19","title":{"rendered":"Comment adh\u00e9rer, Notice pour avoir un mouillage"},"content":{"rendered":"\n<p class=\"has-large-font-size\"><em><strong>Quelques infos pour avoir un mouillage \u00e0 la Passag\u00e8re<\/strong><\/em><\/p>\n\n\n\n<p><em><strong>Comment faire pour avoir une place o\u00f9 mettre mon bateau&nbsp;?<\/strong><\/em><\/p>\n\n\n\n<p><em>Il suffit de d\u00e9crire votre demande en quelques mots et de l\u2019envoyer par courriel<\/em> <em>\u00e0 l\u2019adresse <a href=\"mailto:aump@orange.fr\">aump@orange.fr<\/a> , ou par courrier postal. Il est utile de donner des indications sur votre bateau ou sur votre projet et vos coordonn\u00e9es. . Vous recevez un accus\u00e9 de r\u00e9ception dans les jours suivants vous indiquant votre rang dans la liste d\u2019attente .<\/em><\/p>\n\n\n\n<p><strong>Est-ce que je peux y amarrer n\u2019importe quel bateau&nbsp;?<\/strong><\/p>\n\n\n\n<p><em>Les espaces pour les multicoques et les bateaux de plus de 10 m\u00e8tre sont rares.<\/em><br><em>Nous acceptons toutes les demandes de bateaux \u00e0 voile ou \u00e0 moteur .<\/em><\/p>\n\n\n\n<p><em><strong>Combien cela co\u00fbte -il&nbsp;?<\/strong><\/em><\/p>\n\n\n\n<p><em>L\u2019inscription en liste d\u2019attente est gratuite, il faut la renouveler chaque ann\u00e9e durant le mois de Janvier pour quelle soit consid\u00e9r\u00e9e comme valide.<\/em><\/p>\n\n\n\n<p><em><strong>Faut-il avoir un bateau pour avoir un emplacement&nbsp;?<\/strong><\/em><\/p>\n\n\n\n<p><em>Ce n\u2019est pas oblig\u00e9, notamment si votre projet est en cours , vous disposez d\u2019un an pour y amarrer votre bateau \u00e0 compter de la date d\u2019attribution.<\/em><\/p>\n\n\n\n<p><em><strong>Quel est le d\u00e9lai d\u2019attente pour avoir un emplacement&nbsp;?<\/strong><\/em><\/p>\n\n\n\n<p><em>Pour avoir une place en \u00e9t\u00e9 ou \u00e0 l\u2019ann\u00e9e, le d\u00e9lai moyen en 2025 est de 2 ans et demi pour un bateau de 8 m\u00e8tres. Pour disposer d\u2019une place en hiver entre Novembre et Avril inclus, c\u2019est plus facile, toutes les demandes ont \u00e9t\u00e9s satisfaites \u00e0 ce jour.<\/em><\/p>\n\n\n\n<p><em><strong>Et apr\u00e8s combien cela co\u00fbte-il &nbsp;?<\/strong><\/em><\/p>\n\n\n\n<p><em>Les tarifs en cours sont communiqu\u00e9s sur simple demande .<\/em><\/p>\n\n\n\n<p><em>Il y a un droit d\u2019entr\u00e9e demand\u00e9 une seule fois.<\/em> <br><em>Puis chaque ann\u00e9e une cotisation annuelle \u00e0 r\u00e9gler au plus tard avant l\u2019Assembl\u00e9e G\u00e9n\u00e9rale, c\u2019est le m\u00eame montant.quelque soit la taille du bateau et quelque soit le jour de l\u2019adh\u00e9sion. Pour un contrat temporaire en saison , il est demand\u00e9 le montant de la cotisation annuelle \u00e0 laquelle s\u2019ajoute une participation en faveur du titulaire qui met son mouillage \u00e0 votre disposition.<\/em><\/p>\n\n\n\n<p><em><strong>Qu\u2019est ce que j\u2019ai pour ce prix l\u00e0&nbsp;?<\/strong><\/em><\/p>\n\n\n\n<p><em>Vous disposez d\u2019un emplacement pour amarrer votre bateau sur notre site .<\/em><\/p>\n\n\n\n<p><em>Par convention avec la ville de Saint-Malo l\u2019Aump g\u00e8re exclusivement la mise \u00e0 disposition des emplacements et la bonne marche de l\u2019association.<\/em><\/p>\n\n\n\n<p><em>Il vous revient donc de fournir \u00e0 vos frais tous les apparaux de mouillages n\u00e9cessaires ou utiles \u00e0 l\u2019amarrage de votre bateau. Vous devez \u00e9galement assurer son entretien et son identification.<\/em><\/p>\n\n\n\n<p><em>Vous disposer du statut d\u2019adh\u00e9rent avec tous les avantages d\u00e9crits dans nos documents en libre acc\u00e8s sur le site Web. Vous \u00eates inform\u00e9s par courriel des actualit\u00e9s utiles \u00e0 votre activit\u00e9 nautique et vous \u00eates personnellement invit\u00e9s aux sorties et animations organis\u00e9es par l\u2019Aump.<\/em><\/p>\n\n\n\n<p><em>Bonus de bienvenue. Le qualit\u00e9 du site de La Passag\u00e8re -Port Laurent est r\u00e9put\u00e9 comme quasiment exceptionnel, mais cela on vous laisse le d\u00e9couvrir par vous m\u00eame.<\/em><\/p>\n\n\n\n<p><em><strong>Quelles seront mes obligations&nbsp;?<\/strong><\/em><\/p>\n\n\n\n<p><em>Vos obligations sont d\u00e9crites dans le R\u00e8glement int\u00e9rieur, il vous est demand\u00e9 en particulier de garantir le bon entretien de vos biens et l\u2019identification de vos annexes et des bou\u00e9es de mouillage.Il vous est demand\u00e9 \u00e9galement de participer activement \u00e0 la propret\u00e9 des lieux.<\/em><\/p>\n\n\n\n<p><em><strong>Comment je fais pour en savoir plus&nbsp;?<\/strong><\/em><\/p>\n\n\n\n<p><em>Vous pouvez consulter le site web de l\u2019Aump ou pr\u00e9ciser votre demande par courriel.<\/em><\/p>\n\n\n\n<p><em>Si vous souhaitez un \u00e9change verbal , il suffit de nous donner un num\u00e9ro de gsm et un cr\u00e9neau pour \u00eatre rappel\u00e9 .<\/em><\/p>\n\n\n\n<p><em><strong>A vous lire ou \u00e0 vous croiser bient\u00f4t sur notre site de la Passag\u00e8re- Port Laurent.<\/strong><\/em><\/p>\n\n\n\n<p><em>Document non contractuel r\u00e9dig\u00e9 le 11 F\u00e9vrier 2025<\/em><\/p>\n","protected":false},"excerpt":{"rendered":"<p>Quelques infos pour avoir un mouillage \u00e0 la Passag\u00e8re Comment faire pour avoir une place o\u00f9 mettre mon bateau&nbsp;? Il suffit de d\u00e9crire votre demande en quelques mots et de l\u2019envoyer par courriel \u00e0 l\u2019adresse aump@orange.fr , ou par courrier postal. Il est utile de donner des indications sur votre bateau ou sur votre projet [&hellip;]<\/p>\n","protected":false},"author":1,"featured_media":0,"parent":0,"menu_order":0,"comment_status":"closed","ping_status":"closed","template":"","meta":{"footnotes":""},"class_list":["post-19","page","type-page","status-publish","hentry"],"_links":{"self":[{"href":"https:\/\/aump.org\/index.php?rest_route=\/wp\/v2\/pages\/19","targetHints":{"allow":["GET"]}}],"collection":[{"href":"https:\/\/aump.org\/index.php?rest_route=\/wp\/v2\/pages"}],"about":[{"href":"https:\/\/aump.org\/index.php?rest_route=\/wp\/v2\/types\/page"}],"author":[{"embeddable":true,"href":"https:\/\/aump.org\/index.php?rest_route=\/wp\/v2\/users\/1"}],"replies":[{"embeddable":true,"href":"https:\/\/aump.org\/index.php?rest_route=%2Fwp%2Fv2%2Fcomments&post=19"}],"version-history":[{"count":3,"href":"https:\/\/aump.org\/index.php?rest_route=\/wp\/v2\/pages\/19\/revisions"}],"predecessor-version":[{"id":90,"href":"https:\/\/aump.org\/index.php?rest_route=\/wp\/v2\/pages\/19\/revisions\/90"}],"wp:attachment":[{"href":"https:\/\/aump.org\/index.php?rest_route=%2Fwp%2Fv2%2Fmedia&parent=19"}],"curies":[{"name":"wp","href":"https:\/\/api.w.org\/{rel}","templated":true}]}}