{"id":22,"date":"2025-03-02T14:19:14","date_gmt":"2025-03-02T13:19:14","guid":{"rendered":"https:\/\/aump.org\/?page_id=22"},"modified":"2025-03-02T17:07:42","modified_gmt":"2025-03-02T16:07:42","slug":"nos-recommandations-pour-constituer-son-mouillage","status":"publish","type":"page","link":"https:\/\/aump.org\/?page_id=22","title":{"rendered":"Nos recommandations pour constituer son mouillage"},"content":{"rendered":"\n<p class=\"has-large-font-size\">Exemple de mouillage<\/p>\n\n\n\n<p>La ligne de mouillage doit \u00eatre compos\u00e9e de:<\/p>\n\n\n\n<ul class=\"wp-block-list\">\n<li>Un bloc de b\u00e9ton appropri\u00e9 au poids du bateau<\/li>\n\n\n\n<li>Une chaine de bas-fond diam\u00e8tre 20 \u00e0 25 d&#8217;une longueur maximale de 3 m\u00e8tres<\/li>\n\n\n\n<li>Une chaine principale reli\u00e9e par des \u00e9merillons. Pour longueur, prendre la hauteur d&#8217;eau en dessous du bateau<\/li>\n<\/ul>\n\n\n\n<p>Longueur totale: longueur de la chaine principale et chaine de bas-fond + 3 m\u00e8tres<\/p>\n\n\n\n<figure class=\"wp-block-image size-large has-custom-border\"><img loading=\"lazy\" decoding=\"async\" width=\"893\" height=\"1024\" src=\"https:\/\/aump.org\/wp-content\/uploads\/2025\/03\/mouillage-type-893x1024.png\" alt=\"\" class=\"wp-image-93\" style=\"border-radius:16px\" srcset=\"https:\/\/aump.org\/wp-content\/uploads\/2025\/03\/mouillage-type-893x1024.png 893w, https:\/\/aump.org\/wp-content\/uploads\/2025\/03\/mouillage-type-262x300.png 262w, https:\/\/aump.org\/wp-content\/uploads\/2025\/03\/mouillage-type-768x881.png 768w, https:\/\/aump.org\/wp-content\/uploads\/2025\/03\/mouillage-type-1339x1536.png 1339w, https:\/\/aump.org\/wp-content\/uploads\/2025\/03\/mouillage-type.png 1529w\" sizes=\"auto, (max-width: 893px) 100vw, 893px\" \/><\/figure>\n","protected":false},"excerpt":{"rendered":"<p>Exemple de mouillage La ligne de mouillage doit \u00eatre compos\u00e9e de: Longueur totale: longueur de la chaine principale et chaine de bas-fond + 3 m\u00e8tres<\/p>\n","protected":false},"author":1,"featured_media":0,"parent":0,"menu_order":0,"comment_status":"closed","ping_status":"closed","template":"","meta":{"footnotes":""},"class_list":["post-22","page","type-page","status-publish","hentry"],"_links":{"self":[{"href":"https:\/\/aump.org\/index.php?rest_route=\/wp\/v2\/pages\/22","targetHints":{"allow":["GET"]}}],"collection":[{"href":"https:\/\/aump.org\/index.php?rest_route=\/wp\/v2\/pages"}],"about":[{"href":"https:\/\/aump.org\/index.php?rest_route=\/wp\/v2\/types\/page"}],"author":[{"embeddable":true,"href":"https:\/\/aump.org\/index.php?rest_route=\/wp\/v2\/users\/1"}],"replies":[{"embeddable":true,"href":"https:\/\/aump.org\/index.php?rest_route=%2Fwp%2Fv2%2Fcomments&post=22"}],"version-history":[{"count":2,"href":"https:\/\/aump.org\/index.php?rest_route=\/wp\/v2\/pages\/22\/revisions"}],"predecessor-version":[{"id":94,"href":"https:\/\/aump.org\/index.php?rest_route=\/wp\/v2\/pages\/22\/revisions\/94"}],"wp:attachment":[{"href":"https:\/\/aump.org\/index.php?rest_route=%2Fwp%2Fv2%2Fmedia&parent=22"}],"curies":[{"name":"wp","href":"https:\/\/api.w.org\/{rel}","templated":true}]}}