{"id":26,"date":"2025-03-02T14:19:14","date_gmt":"2025-03-02T13:19:14","guid":{"rendered":"https:\/\/aump.org\/?page_id=26"},"modified":"2025-05-13T17:30:26","modified_gmt":"2025-05-13T15:30:26","slug":"coin-presse-on-en-parle","status":"publish","type":"page","link":"https:\/\/aump.org\/?page_id=26","title":{"rendered":"Coin Presse. On en parle"},"content":{"rendered":"\n<p>ETA Attention \u00e0 ceux qui se rendent dans les iles Anglos Normandes et au Royaume Uni. <\/p>\n\n\n\n<p><\/p>\n\n\n\n<p>A compter du 2 Avril 2025, Une ETA est  n\u00e9cessaire avant d&#8217;accoster dans un port britannique. <\/p>\n\n\n\n<p>A d\u00e9faut le d\u00e9barquement des passagers sera refus\u00e9 . <\/p>\n\n\n\n<p><\/p>\n\n\n\n<p>Il est important de se rapprocher du site France Diplomatie ou celui des anglais gov.uk <\/p>\n\n\n\n<p>afin d&#8217;avoir une bonne connaissance des formalit\u00e8s \u00e0 accomplir.<\/p>\n\n\n\n<p><\/p>\n","protected":false},"excerpt":{"rendered":"<p>ETA Attention \u00e0 ceux qui se rendent dans les iles Anglos Normandes et au Royaume Uni. A compter du 2 Avril 2025, Une ETA est n\u00e9cessaire avant d&#8217;accoster dans un port britannique. A d\u00e9faut le d\u00e9barquement des passagers sera refus\u00e9 . Il est important de se rapprocher du site France Diplomatie ou celui des anglais [&hellip;]<\/p>\n","protected":false},"author":1,"featured_media":0,"parent":0,"menu_order":0,"comment_status":"closed","ping_status":"closed","template":"","meta":{"footnotes":""},"class_list":["post-26","page","type-page","status-publish","hentry"],"_links":{"self":[{"href":"https:\/\/aump.org\/index.php?rest_route=\/wp\/v2\/pages\/26","targetHints":{"allow":["GET"]}}],"collection":[{"href":"https:\/\/aump.org\/index.php?rest_route=\/wp\/v2\/pages"}],"about":[{"href":"https:\/\/aump.org\/index.php?rest_route=\/wp\/v2\/types\/page"}],"author":[{"embeddable":true,"href":"https:\/\/aump.org\/index.php?rest_route=\/wp\/v2\/users\/1"}],"replies":[{"embeddable":true,"href":"https:\/\/aump.org\/index.php?rest_route=%2Fwp%2Fv2%2Fcomments&post=26"}],"version-history":[{"count":4,"href":"https:\/\/aump.org\/index.php?rest_route=\/wp\/v2\/pages\/26\/revisions"}],"predecessor-version":[{"id":175,"href":"https:\/\/aump.org\/index.php?rest_route=\/wp\/v2\/pages\/26\/revisions\/175"}],"wp:attachment":[{"href":"https:\/\/aump.org\/index.php?rest_route=%2Fwp%2Fv2%2Fmedia&parent=26"}],"curies":[{"name":"wp","href":"https:\/\/api.w.org\/{rel}","templated":true}]}}