{"id":27,"date":"2025-03-02T14:19:14","date_gmt":"2025-03-02T13:19:14","guid":{"rendered":"https:\/\/aump.org\/?page_id=27"},"modified":"2026-02-22T22:49:06","modified_gmt":"2026-02-22T21:49:06","slug":"prochains-evenements","status":"publish","type":"page","link":"https:\/\/aump.org\/?page_id=27","title":{"rendered":"Prochains \u00e9v\u00e8nements"},"content":{"rendered":"\n<p>Prochains Rendez-vous:<\/p>\n\n\n\n<p><strong>Le samedi 7 Mars 2026 \u00e0 Saint-Malo<\/strong>, \u00e0 9h15 salle Annexe mairie de Param\u00e9<br>Assembl\u00e9e G\u00e9n\u00e9rale ordinaire de l\u2019Aump<br>Cet \u00e9v\u00e8nement est r\u00e9serv\u00e9 aux adh\u00e9rents et sur invitation.<\/p>\n\n\n\n<p><\/p>\n\n\n\n<p>Permanence des \u00e9lus de l\u2019Aump ouverte \u00e0 tous <strong>\u00e0 la Maison du Passeur en Quelmer<\/strong>: 16 mai 2026 de 10h \u00e0 12h<br><\/p>\n","protected":false},"excerpt":{"rendered":"<p>Prochains Rendez-vous: Le samedi 7 Mars 2026 \u00e0 Saint-Malo, \u00e0 9h15 salle Annexe mairie de Param\u00e9Assembl\u00e9e G\u00e9n\u00e9rale ordinaire de l\u2019AumpCet \u00e9v\u00e8nement est r\u00e9serv\u00e9 aux adh\u00e9rents et sur invitation. Permanence des \u00e9lus de l\u2019Aump ouverte \u00e0 tous \u00e0 la Maison du Passeur en Quelmer: 16 mai 2026 de 10h \u00e0 12h<\/p>\n","protected":false},"author":1,"featured_media":0,"parent":0,"menu_order":0,"comment_status":"closed","ping_status":"closed","template":"","meta":{"footnotes":""},"class_list":["post-27","page","type-page","status-publish","hentry"],"_links":{"self":[{"href":"https:\/\/aump.org\/index.php?rest_route=\/wp\/v2\/pages\/27","targetHints":{"allow":["GET"]}}],"collection":[{"href":"https:\/\/aump.org\/index.php?rest_route=\/wp\/v2\/pages"}],"about":[{"href":"https:\/\/aump.org\/index.php?rest_route=\/wp\/v2\/types\/page"}],"author":[{"embeddable":true,"href":"https:\/\/aump.org\/index.php?rest_route=\/wp\/v2\/users\/1"}],"replies":[{"embeddable":true,"href":"https:\/\/aump.org\/index.php?rest_route=%2Fwp%2Fv2%2Fcomments&post=27"}],"version-history":[{"count":6,"href":"https:\/\/aump.org\/index.php?rest_route=\/wp\/v2\/pages\/27\/revisions"}],"predecessor-version":[{"id":198,"href":"https:\/\/aump.org\/index.php?rest_route=\/wp\/v2\/pages\/27\/revisions\/198"}],"wp:attachment":[{"href":"https:\/\/aump.org\/index.php?rest_route=%2Fwp%2Fv2%2Fmedia&parent=27"}],"curies":[{"name":"wp","href":"https:\/\/api.w.org\/{rel}","templated":true}]}}